{"id":7,"date":"2015-11-19T21:42:05","date_gmt":"2015-11-20T00:42:05","guid":{"rendered":"https:\/\/www.albertopeixoto.com.br\/blog\/?page_id=7"},"modified":"2015-11-19T21:42:05","modified_gmt":"2015-11-20T00:42:05","slug":"sobre-o-escritor","status":"publish","type":"page","link":"https:\/\/www.albertopeixoto.com.br\/blog\/sobre-o-escritor\/","title":{"rendered":"Sobre o escritor"},"content":{"rendered":"<p>Antonio Alberto de Oliveira Peixoto nasceu em Feira de Santana, a 03\/09\/1950. \u00c9 funcion\u00e1rio p\u00fablico lotado na Secretaria da Fazenda do Estado da Bahia. \u00c9 autor do livro de contos <strong>&#8220;Est\u00f3rias que Deus Duvida&#8221;<\/strong>, Ed. Scortecci\/SP-2004. Recentemente participou das colet\u00e2neas <strong>&#8220;www.versos&amp;contos.com.br&#8221;<\/strong> e <strong>&#8220;Comuniconteporaneidade&#8221;<\/strong>, ambos da Ed. \u00d2mnira\/BA-2005.<\/p>\n<p>\u00c9 articulista do <a href=\"http:\/\/www.jornalgrandebahia.com.br\/\" target=\"_blank\">Jornal Grande Bahia<\/a>, onde escreve semanalmente sobre assuntos diversos.<\/p>\n<p>Publicou tamb\u00e9m <strong>&#8220;O Enterro da Sogra&#8221;<\/strong>, Ed. \u00d2mnira\/BA-2006 e <strong>&#8220;\u00danico Espermatoz\u00f3ide&#8221;<\/strong>, Ed. \u00d2mnira\/BA-2008.<\/p>\n<p>\u00c9 como grande incentivador da nossa cultura que atua como conselheiro da Funda\u00e7\u00e3o \u00d2mnira de Assist\u00eancia Cultural e Comunit\u00e1ria, fazendo um trabalho s\u00f3cio-cultural em favor de comunidades carentes em Salvador, Feira de Santana e Santo Antonio de Jesus. Membro da ALER &#8211; Academia de Letras do Rec\u00f4ncavo &#8211; ocupando a cadeira de n\u00famero 26. Participou recentemente da colet\u00e2nea <strong>&#8220;Bahia de Todos em Contos&#8221;<\/strong>, Vol. III, Ed. \u00d2mnira\/BA-2008.<\/p>\n<p>Estudou Administra\u00e7\u00e3o de Empresas na Universidade Cat\u00f3lica de Salvador, hoje se dedica a literatura de forma a desenvolver a cada dia o seu estilo dialeticamente nordestino.<\/p>\n<p><em>Roberto Leal Correia<br \/>\nPoeta e Presidente da Funda\u00e7\u00e3o \u00d2mnira<\/em><\/p>\n<p><strong>Um Menino Franzino do Interior<\/strong><\/p>\n<p>Antonio Alberto de Oliveira Peixoto, cidad\u00e3o Feirense, nascido naquela cidade em 3 de setembro de 1950; como \u00e9 natural na maioria das crian\u00e7as gostava muito de ca\u00e7ar com estilingue, subir em \u00e1rvores, tomar banho de riacho e jogar bola (depois do Flamengo, sua maior paix\u00e3o). Aos 17 anos foi para Salvador, onde graduou-se em Engenharia Eletromec\u00e2nica pela Escola de Engenharia Eletromec\u00e2nica da Bahia, cursou Administra\u00e7\u00e3o de Empresas na UCSal &#8211; Universidade Cat\u00f3lica de Salvador. Ainda jovem, por\u00e9m j\u00e1 muito respons\u00e1vel, contraiu matrim\u00f4nio aos 21 anos com a Sra. Wanuzia Just e dessa uni\u00e3o nasceram os seus tr\u00eas filhos, Luciana, Renata e Jo\u00e3o Paulo.<\/p>\n<p>Fez concurso p\u00fablico para Agente de Tributos Estadual no ano de 1987 tendo sido aprovado. Quatro anos depois, exatamente no dia 1\u00b0 de abril de 1991, foi designado para trabalhar na Inspetoria Fiscal de Itaberaba.<\/p>\n<p>Nesta cidade hospitaleira, cheia de calor humano, foi recebido com muita alegria e, como \u00e9 de seu feitio, fez rapidamente muitas amizades. Amizades estas que ele guarda carinhosamente em seu cora\u00e7\u00e3o. Inclusive escreveu um livro, <strong>&#8220;Est\u00f3rias que Deus duvida&#8221;<\/strong>, contando fatos pitorescos da nossa regi\u00e3o, sendo que no dia do seu lan\u00e7amento, recebeu elogios efusivos de todos que se fizeram presentes, pois ele retratou com muita descontra\u00e7\u00e3o diversas passagens do nosso cotidiano.<\/p>\n<p>Alberto Peixoto mant\u00eam tamb\u00e9m uma coluna no Jornal da Chapada, onde ele escreve sobre assuntos diversos e \u00e9 membro fundador da GEUCIC (Grupo de Estudos Ufol\u00f3gicos e Cient\u00edficos da Chapada Diamantina) onde exerce atualmente o cargo de Vice-Presidente.<\/p>\n<p>Alberto Peixoto, grande personalidade, excelente amigo e de car\u00e1ter \u00edmpar. E para confirmarmos isto, basta conversarmos com as mais diferentes pessoas para verificarmos o alto grau de estima que o povo itaberabense tem para com ele.<\/p>\n<p><em>Hamilton Brand\u00e3o<\/em><\/p>\n","protected":false},"excerpt":{"rendered":"<p>Antonio Alberto de Oliveira Peixoto nasceu em Feira de Santana, a 03\/09\/1950. \u00c9 funcion\u00e1rio p\u00fablico lotado na Secretaria da Fazenda do Estado da Bahia. \u00c9 autor do livro de contos &#8220;Est\u00f3rias que Deus Duvida&#8221;, Ed. Scortecci\/SP-2004. Recentemente participou das colet\u00e2neas &hellip; <a href=\"https:\/\/www.albertopeixoto.com.br\/blog\/sobre-o-escritor\/\">Continue reading <span class=\"meta-nav\">&rarr;<\/span><\/a><\/p>\n","protected":false},"author":1,"featured_media":0,"parent":0,"menu_order":0,"comment_status":"closed","ping_status":"closed","template":"","meta":{"footnotes":""},"class_list":["post-7","page","type-page","status-publish","hentry"],"yoast_head":"<!-- This site is optimized with the Yoast SEO plugin v26.5 - https:\/\/yoast.com\/wordpress\/plugins\/seo\/ -->\n<title>Sobre o escritor - Alberto Peixoto<\/title>\n<meta name=\"robots\" content=\"index, follow, max-snippet:-1, max-image-preview:large, max-video-preview:-1\" \/>\n<link rel=\"canonical\" href=\"https:\/\/www.albertopeixoto.com.br\/blog\/sobre-o-escritor\/\" \/>\n<meta property=\"og:locale\" content=\"pt_BR\" \/>\n<meta property=\"og:type\" content=\"article\" \/>\n<meta property=\"og:title\" content=\"Sobre o escritor - Alberto Peixoto\" \/>\n<meta property=\"og:description\" content=\"Antonio Alberto de Oliveira Peixoto nasceu em Feira de Santana, a 03\/09\/1950. \u00c9 funcion\u00e1rio p\u00fablico lotado na Secretaria da Fazenda do Estado da Bahia. \u00c9 autor do livro de contos &#8220;Est\u00f3rias que Deus Duvida&#8221;, Ed. Scortecci\/SP-2004. Recentemente participou das colet\u00e2neas &hellip; Continue reading &rarr;\" \/>\n<meta property=\"og:url\" content=\"https:\/\/www.albertopeixoto.com.br\/blog\/sobre-o-escritor\/\" \/>\n<meta property=\"og:site_name\" content=\"Alberto Peixoto\" \/>\n<meta property=\"article:publisher\" content=\"https:\/\/www.facebook.com\/antonioalberto.oliveirapeixoto\" \/>\n<meta property=\"og:image\" content=\"https:\/\/www.albertopeixoto.com.br\/blog\/wp-content\/uploads\/2015\/11\/apeixoto-230.jpg\" \/>\n\t<meta property=\"og:image:width\" content=\"230\" \/>\n\t<meta property=\"og:image:height\" content=\"345\" \/>\n\t<meta property=\"og:image:type\" content=\"image\/jpeg\" \/>\n<meta name=\"twitter:card\" content=\"summary_large_image\" \/>\n<meta name=\"twitter:label1\" content=\"Est. tempo de leitura\" \/>\n\t<meta name=\"twitter:data1\" content=\"3 minutos\" \/>\n<script type=\"application\/ld+json\" class=\"yoast-schema-graph\">{\"@context\":\"https:\/\/schema.org\",\"@graph\":[{\"@type\":\"WebPage\",\"@id\":\"https:\/\/www.albertopeixoto.com.br\/blog\/sobre-o-escritor\/\",\"url\":\"https:\/\/www.albertopeixoto.com.br\/blog\/sobre-o-escritor\/\",\"name\":\"Sobre o escritor - Alberto Peixoto\",\"isPartOf\":{\"@id\":\"https:\/\/www.albertopeixoto.com.br\/blog\/#website\"},\"datePublished\":\"2015-11-20T00:42:05+00:00\",\"breadcrumb\":{\"@id\":\"https:\/\/www.albertopeixoto.com.br\/blog\/sobre-o-escritor\/#breadcrumb\"},\"inLanguage\":\"pt-BR\",\"potentialAction\":[{\"@type\":\"ReadAction\",\"target\":[\"https:\/\/www.albertopeixoto.com.br\/blog\/sobre-o-escritor\/\"]}]},{\"@type\":\"BreadcrumbList\",\"@id\":\"https:\/\/www.albertopeixoto.com.br\/blog\/sobre-o-escritor\/#breadcrumb\",\"itemListElement\":[{\"@type\":\"ListItem\",\"position\":1,\"name\":\"In\u00edcio\",\"item\":\"https:\/\/www.albertopeixoto.com.br\/blog\/\"},{\"@type\":\"ListItem\",\"position\":2,\"name\":\"Sobre o escritor\"}]},{\"@type\":\"WebSite\",\"@id\":\"https:\/\/www.albertopeixoto.com.br\/blog\/#website\",\"url\":\"https:\/\/www.albertopeixoto.com.br\/blog\/\",\"name\":\"Alberto Peixoto\",\"description\":\"Site do escritor feirense Alberto Peixoto\",\"publisher\":{\"@id\":\"https:\/\/www.albertopeixoto.com.br\/blog\/#\/schema\/person\/7c0ad65e044773b9ace71e4bed27392e\"},\"potentialAction\":[{\"@type\":\"SearchAction\",\"target\":{\"@type\":\"EntryPoint\",\"urlTemplate\":\"https:\/\/www.albertopeixoto.com.br\/blog\/?s={search_term_string}\"},\"query-input\":{\"@type\":\"PropertyValueSpecification\",\"valueRequired\":true,\"valueName\":\"search_term_string\"}}],\"inLanguage\":\"pt-BR\"},{\"@type\":[\"Person\",\"Organization\"],\"@id\":\"https:\/\/www.albertopeixoto.com.br\/blog\/#\/schema\/person\/7c0ad65e044773b9ace71e4bed27392e\",\"name\":\"Alberto Peixoto\",\"image\":{\"@type\":\"ImageObject\",\"inLanguage\":\"pt-BR\",\"@id\":\"https:\/\/www.albertopeixoto.com.br\/blog\/#\/schema\/person\/image\/\",\"url\":\"https:\/\/secure.gravatar.com\/avatar\/56073ba688fdc11029c75ad4a19a7d0404f80a73249f4fb56c9c021b86beab08?s=96&d=mm&r=g\",\"contentUrl\":\"https:\/\/secure.gravatar.com\/avatar\/56073ba688fdc11029c75ad4a19a7d0404f80a73249f4fb56c9c021b86beab08?s=96&d=mm&r=g\",\"caption\":\"Alberto Peixoto\"},\"logo\":{\"@id\":\"https:\/\/www.albertopeixoto.com.br\/blog\/#\/schema\/person\/image\/\"},\"sameAs\":[\"https:\/\/www.albertopeixoto.com.br\/\",\"https:\/\/www.facebook.com\/antonioalberto.oliveirapeixoto\"]}]}<\/script>\n<!-- \/ Yoast SEO plugin. -->","yoast_head_json":{"title":"Sobre o escritor - Alberto Peixoto","robots":{"index":"index","follow":"follow","max-snippet":"max-snippet:-1","max-image-preview":"max-image-preview:large","max-video-preview":"max-video-preview:-1"},"canonical":"https:\/\/www.albertopeixoto.com.br\/blog\/sobre-o-escritor\/","og_locale":"pt_BR","og_type":"article","og_title":"Sobre o escritor - Alberto Peixoto","og_description":"Antonio Alberto de Oliveira Peixoto nasceu em Feira de Santana, a 03\/09\/1950. \u00c9 funcion\u00e1rio p\u00fablico lotado na Secretaria da Fazenda do Estado da Bahia. \u00c9 autor do livro de contos &#8220;Est\u00f3rias que Deus Duvida&#8221;, Ed. Scortecci\/SP-2004. Recentemente participou das colet\u00e2neas &hellip; Continue reading &rarr;","og_url":"https:\/\/www.albertopeixoto.com.br\/blog\/sobre-o-escritor\/","og_site_name":"Alberto Peixoto","article_publisher":"https:\/\/www.facebook.com\/antonioalberto.oliveirapeixoto","og_image":[{"width":230,"height":345,"url":"https:\/\/www.albertopeixoto.com.br\/blog\/wp-content\/uploads\/2015\/11\/apeixoto-230.jpg","type":"image\/jpeg"}],"twitter_card":"summary_large_image","twitter_misc":{"Est. tempo de leitura":"3 minutos"},"schema":{"@context":"https:\/\/schema.org","@graph":[{"@type":"WebPage","@id":"https:\/\/www.albertopeixoto.com.br\/blog\/sobre-o-escritor\/","url":"https:\/\/www.albertopeixoto.com.br\/blog\/sobre-o-escritor\/","name":"Sobre o escritor - Alberto Peixoto","isPartOf":{"@id":"https:\/\/www.albertopeixoto.com.br\/blog\/#website"},"datePublished":"2015-11-20T00:42:05+00:00","breadcrumb":{"@id":"https:\/\/www.albertopeixoto.com.br\/blog\/sobre-o-escritor\/#breadcrumb"},"inLanguage":"pt-BR","potentialAction":[{"@type":"ReadAction","target":["https:\/\/www.albertopeixoto.com.br\/blog\/sobre-o-escritor\/"]}]},{"@type":"BreadcrumbList","@id":"https:\/\/www.albertopeixoto.com.br\/blog\/sobre-o-escritor\/#breadcrumb","itemListElement":[{"@type":"ListItem","position":1,"name":"In\u00edcio","item":"https:\/\/www.albertopeixoto.com.br\/blog\/"},{"@type":"ListItem","position":2,"name":"Sobre o escritor"}]},{"@type":"WebSite","@id":"https:\/\/www.albertopeixoto.com.br\/blog\/#website","url":"https:\/\/www.albertopeixoto.com.br\/blog\/","name":"Alberto Peixoto","description":"Site do escritor feirense Alberto Peixoto","publisher":{"@id":"https:\/\/www.albertopeixoto.com.br\/blog\/#\/schema\/person\/7c0ad65e044773b9ace71e4bed27392e"},"potentialAction":[{"@type":"SearchAction","target":{"@type":"EntryPoint","urlTemplate":"https:\/\/www.albertopeixoto.com.br\/blog\/?s={search_term_string}"},"query-input":{"@type":"PropertyValueSpecification","valueRequired":true,"valueName":"search_term_string"}}],"inLanguage":"pt-BR"},{"@type":["Person","Organization"],"@id":"https:\/\/www.albertopeixoto.com.br\/blog\/#\/schema\/person\/7c0ad65e044773b9ace71e4bed27392e","name":"Alberto Peixoto","image":{"@type":"ImageObject","inLanguage":"pt-BR","@id":"https:\/\/www.albertopeixoto.com.br\/blog\/#\/schema\/person\/image\/","url":"https:\/\/secure.gravatar.com\/avatar\/56073ba688fdc11029c75ad4a19a7d0404f80a73249f4fb56c9c021b86beab08?s=96&d=mm&r=g","contentUrl":"https:\/\/secure.gravatar.com\/avatar\/56073ba688fdc11029c75ad4a19a7d0404f80a73249f4fb56c9c021b86beab08?s=96&d=mm&r=g","caption":"Alberto Peixoto"},"logo":{"@id":"https:\/\/www.albertopeixoto.com.br\/blog\/#\/schema\/person\/image\/"},"sameAs":["https:\/\/www.albertopeixoto.com.br\/","https:\/\/www.facebook.com\/antonioalberto.oliveirapeixoto"]}]}},"_links":{"self":[{"href":"https:\/\/www.albertopeixoto.com.br\/blog\/wp-json\/wp\/v2\/pages\/7","targetHints":{"allow":["GET"]}}],"collection":[{"href":"https:\/\/www.albertopeixoto.com.br\/blog\/wp-json\/wp\/v2\/pages"}],"about":[{"href":"https:\/\/www.albertopeixoto.com.br\/blog\/wp-json\/wp\/v2\/types\/page"}],"author":[{"embeddable":true,"href":"https:\/\/www.albertopeixoto.com.br\/blog\/wp-json\/wp\/v2\/users\/1"}],"replies":[{"embeddable":true,"href":"https:\/\/www.albertopeixoto.com.br\/blog\/wp-json\/wp\/v2\/comments?post=7"}],"version-history":[{"count":1,"href":"https:\/\/www.albertopeixoto.com.br\/blog\/wp-json\/wp\/v2\/pages\/7\/revisions"}],"predecessor-version":[{"id":8,"href":"https:\/\/www.albertopeixoto.com.br\/blog\/wp-json\/wp\/v2\/pages\/7\/revisions\/8"}],"wp:attachment":[{"href":"https:\/\/www.albertopeixoto.com.br\/blog\/wp-json\/wp\/v2\/media?parent=7"}],"curies":[{"name":"wp","href":"https:\/\/api.w.org\/{rel}","templated":true}]}}